{"id":18720,"date":"2021-02-03T19:35:52","date_gmt":"2021-02-03T19:35:52","guid":{"rendered":"https:\/\/finatino.com\/za\/?page_id=18720"},"modified":"2021-02-03T19:35:53","modified_gmt":"2021-02-03T19:35:53","slug":"cookies","status":"publish","type":"page","link":"https:\/\/finatino.com\/za\/cookies\/","title":{"rendered":"Cookies"},"content":{"rendered":"\n\n<p>Cookies are short text files saved by your browser for technical data storage. Data included therein is completely anonymous, therefore, impossible to associate with any specific personal data.<\/p>\n\n\n\n<p>Cookies allow us to evaluate visitor behaviour on our website Finatino.com and to improve our services in accordance therewith.<\/p>\n\n\n\n<p>Cookies may simply be erased from your browser or their recording may be switched off in your browser settings.<\/p>\n\n\n\n<h2 class=\"wp-block-heading\"><strong>Google Universal Analytics<\/strong><\/h2>\n\n\n\n<p>In order to analyse the visitor rate of our website, we use Google Universal Analytics, operated by Google Inc., 1600 Amphitheater Parkway, Mountain View, CA 94043, USA (hereinafter referred to as \u201cGoogle\u201c).<\/p>\n\n\n\n<p>When visiting Finatino.com, a simple code is run by Google, which will send certain data (number of websites viewed, time spent on the website, type of device, duration of the web visit, approximate location of the device) anonymously into this service.<\/p>\n\n\n\n<p>You can read more on the personal data protection by Google at&nbsp;<a href=\"https:\/\/policies.google.com\/terms?hl=cs\">Privacy &amp; Terms<\/a>.<\/p>\n\n\n\n<p>The monitoring may be completely switched on in your computer settings.<\/p>\n\n\n\n<h2 class=\"wp-block-heading\"><strong>Hotjar<\/strong><\/h2>\n\n\n\n<p>The Operator uses an analytical service called Hotjar operated by Hotjar Ltd., Level 2, St Julian\u2019s Business Center, 3, Elia Zammit Street, St Julian\u2019s STJ 1000, Malta (hereinafter referred to as \u201cHotjar\u201c).<\/p>\n\n\n\n<p>Hotjar uses Cookies to analyse visitor behaviour on the website. Thanks to this analysis we can adjust our website and adapt it more to the needs of our customers. This data is stored by Hotjar on secured servers in Ireland for a maximum term of 365 days.<\/p>\n\n\n\n<p>You may&nbsp;<a href=\"https:\/\/www.hotjar.com\/legal\/compliance\/opt-out\">unsubscribe here<\/a>&nbsp;from using Hotjar in your internet browsing. For more information concerning the data usage, please visit Hotjar website where you can read more following&nbsp;<a href=\"https:\/\/www.hotjar.com\/privacy\">this link<\/a>&nbsp;on the Cookies usage and Privacy Protection Principles.<\/p>\n\n\n\n<h2 class=\"wp-block-heading\"><strong>Google reCaptcha<\/strong><\/h2>\n\n\n\n<p>In order to perform anti-spam check for comments on our website, we use reCAPTCHA service by Google Inc., 1600 Amphitheater Parkway, Mountain View, CA 94043, USA (hereinafter referred to as \u201cGoogle\u201c).<\/p>\n\n\n\n<p>This check via reCaptcha includes sending the IP address and potentially any other additional information to Google. By using reCaptcha when adding a comment as a visitor, you agree that the result of this check may be used for the digitalisation of the copied text or, for instance, when recognising pictures in order to secure the automatized recognition of other similar pictures.<\/p>\n\n\n\n<p>For more information please visit their website&nbsp;<a href=\"https:\/\/policies.google.com\/terms?hl=cs\">Privacy &amp; Terms<\/a>.<\/p>\n\n\n\n<h2 class=\"wp-block-heading\"><strong>Cookies of Partner Affiliates<\/strong><\/h2>\n\n\n\n<p>The Operator of Finatino.com uses affiliate links primarily from the platform of partner affiliates (hereinafter referred to as the \u201cnetworks\u201d). These international affiliate networks associate website owners (us) and various vendors of services (third parties).<\/p>\n\n\n\n<p>Finatino.com displays promotional elements of third parties through the network as an intermediary. This way a visitor may request a specific financial product and we obtain commission for the fulfilment of third-party targets.<\/p>\n\n\n\n<p>Commission is one of the income sources for Finatino.com. This commission is paid out regardless of the total price of the product requested by the visitor and may not affect the price.<\/p>\n\n\n\n<p>Commission is recorded via Cookies saved in the visitor\u2019s browser precisely when the visitor reaches the advertiser\u2019s website. Cookies do not store any personal data. They solely contain the partner\u2019s identification number (Finatino.com), the visitor\u2019s anonymous identification number, time of clicking, and any additional technical data included in the affiliate link. Cookies are valid for a maximum term of 60 days.<\/p>\n\n\n\n<h3 class=\"wp-block-heading\"><strong>List of Affiliate Partners and their Privacy Policies:<\/strong><\/h3>\n\n\n\n<p>TARGET CIRCLE Storgata 10 2000 Lillestr\u00f8m Norway Company ID No.: 913074319 Tax ID No.: NO913074319MVA<\/p>\n\n\n\n<figure class=\"wp-block-embed\"><div class=\"wp-block-embed__wrapper\">\nhttp:\/\/targetcircle.com\/legal\n<\/div><\/figure>\n\n\n\n<p>Adservice A\/S Rozenkrantzgade 23, 1st &amp; 2nd fl. DK-8000 Aarhus C Tax ID No.: DK30545532<\/p>\n\n\n\n<figure class=\"wp-block-embed\"><div class=\"wp-block-embed__wrapper\">\nhttp:\/\/publisher.adservice.com\/privacy\/privacy_policy.html\n<\/div><\/figure>\n\n\n\n<p>Adtraction Marketing AB Humleg\u00e5rdsgatan 14 SE-114 46 Stockholm Sweden Company ID No.: 556722-5064 Tax ID No.: SE556722506401548<\/p>\n\n\n\n<figure class=\"wp-block-embed\"><div class=\"wp-block-embed__wrapper\">\nhttps:\/\/adtraction.com\/en\/privacy\n<\/div><\/figure>\n\n\n\n<p>Elephant Orchestra, s.r.o. Rohansk\u00e9 n\u00e1b\u0159e\u017e\u00ed 678\/29 Postcode 186 00 Prague 8 Company ID No.: 03272974 Tax ID No.: CZ03272974<\/p>\n\n\n\n<figure class=\"wp-block-embed\"><div class=\"wp-block-embed__wrapper\">\nhttp:\/\/affiliates.espoluprace.cz\/privacy_policy\n<\/div><\/figure>\n\n\n\n<p>DoAffiliate Vezu Street 1-25 LV-1045 Riga Latvia Company ID No.: 40103381873 Tax ID No.: LV40103381873<\/p>\n\n\n\n<figure class=\"wp-block-embed\"><div class=\"wp-block-embed__wrapper\">\nhttps:\/\/www.doaffiliate.net\/site\/how-it-works\n<\/div><\/figure>\n\n\n\n<p>Smart City O\u00dc (Smart City Ltd) Peterburi tee 47 11415 Tallinn Estonia Tax ID No.: EE101522445<\/p>\n\n\n\n<figure class=\"wp-block-embed\"><div class=\"wp-block-embed__wrapper\">\nhttps:\/\/leadgid.eu\/terms_and_conditions\n<\/div><\/figure>\n\n\n\n<p>DIGITAL ADVISOR APS Klamsagervej 21b 8230 \u00c5byh\u00f8j Denmark Tax ID No.: DK32319238<\/p>\n\n\n\n<figure class=\"wp-block-embed\"><div class=\"wp-block-embed__wrapper\">\nhttps:\/\/digitaladvisor.dk\/en\n<\/div><\/figure>\n\n\n\n<p>financeAds International GmbH Hardenbergstr. 32 106 23 Berlin Germany Tax ID No.: DE299418367<\/p>\n\n\n\n<figure class=\"wp-block-embed\"><div class=\"wp-block-embed__wrapper\">\nhttps:\/\/www.financeads.com\/uk-en\/aboutus\/privacypolicy\/\n<\/div><\/figure>\n\n\n\n<p>Fiizy O\u00dc Toom-kooli 1 101 30 Tallinn Estonia Tax ID No.: EE101731184<\/p>\n\n\n\n<figure class=\"wp-block-embed\"><div class=\"wp-block-embed__wrapper\">\nhttps:\/\/www.fiizy.com\/\n<\/div><\/figure>\n\n\n\n<p>Cityads Media Polska Sp. z o.o. ul. Kleszczowa 41\/8 02-485 Warszawa Poland Company ID No.: 0000576058 Tax ID No.: PL5252630016<\/p>\n\n\n\n<figure class=\"wp-block-embed\"><div class=\"wp-block-embed__wrapper\">\nhttps:\/\/cityads.com\/res\/policy_en.pdf\n<\/div><\/figure>\n\n\n\n<p>DGMAX Interactive (DBA) Ayla Trading LLC. 555 8TH Avenue Suite 401 100 18 New York United States of America Tax ID No.: EIN20-2286776<\/p>\n\n\n\n<figure class=\"wp-block-embed is-type-wp-embed is-provider-dgmax-interactive wp-block-embed-dgmax-interactive\"><div class=\"wp-block-embed__wrapper\">\n<blockquote class=\"wp-embedded-content\" data-secret=\"tHD06g1E9U\"><a href=\"https:\/\/dgmaxinteractive.com\/\">Home<\/a><\/blockquote><iframe class=\"wp-embedded-content\" sandbox=\"allow-scripts\" security=\"restricted\" style=\"position: absolute; clip: rect(1px, 1px, 1px, 1px);\" title=\"&#8220;Home&#8221; &#8212; DGMAX Interactive\" src=\"https:\/\/dgmaxinteractive.com\/embed\/#?secret=tHD06g1E9U\" data-secret=\"tHD06g1E9U\" width=\"600\" height=\"338\" frameborder=\"0\" marginwidth=\"0\" marginheight=\"0\" scrolling=\"no\"><\/iframe>\n<\/div><\/figure>\n\n\n\n<p>2Performant Networks headquartered in Bucharest, 98A Vulturilor St., Spatiul Comercial \u2013 Unitatea Est, Unitatea Sud, Unitatea Nord, 1st fl., 3rd District VAT: RO 26405652<\/p>\n\n\n\n<figure class=\"wp-block-embed is-type-wp-embed is-provider-2-performant wp-block-embed-2-performant\"><div class=\"wp-block-embed__wrapper\">\n<blockquote class=\"wp-embedded-content\" data-secret=\"LKOKeWWv3O\"><a href=\"https:\/\/2performant.com\/privacy-policy\/\">Privacy Policy<\/a><\/blockquote><iframe class=\"wp-embedded-content\" sandbox=\"allow-scripts\" security=\"restricted\" style=\"position: absolute; clip: rect(1px, 1px, 1px, 1px);\" title=\"&#8220;Privacy Policy&#8221; &#8212; 2Performant\" src=\"https:\/\/2performant.com\/privacy-policy\/embed\/#?secret=LKOKeWWv3O\" data-secret=\"LKOKeWWv3O\" width=\"600\" height=\"338\" frameborder=\"0\" marginwidth=\"0\" marginheight=\"0\" scrolling=\"no\"><\/iframe>\n<\/div><\/figure>\n\n\n\n<p>TradeTracker Finland Keskustatu 3 001 00 Helsinki Finland Tax ID No.: FI28496925<\/p>\n\n\n\n<figure class=\"wp-block-embed is-type-wp-embed is-provider-tradetracker-com-affiliate-marketing-performance-marketing wp-block-embed-tradetracker-com-affiliate-marketing-performance-marketing\"><div class=\"wp-block-embed__wrapper\">\n<blockquote class=\"wp-embedded-content\" data-secret=\"LgOww0NdPy\"><a href=\"https:\/\/tradetracker.com\/privacy-policy\/\">Privacy and Data Policy<\/a><\/blockquote><iframe class=\"wp-embedded-content\" sandbox=\"allow-scripts\" security=\"restricted\" style=\"position: absolute; clip: rect(1px, 1px, 1px, 1px);\" title=\"&#8220;Privacy and Data Policy&#8221; &#8212; TradeTracker.com | Affiliate Marketing | Performance Marketing\" src=\"https:\/\/tradetracker.com\/privacy-policy\/embed\/#?secret=LgOww0NdPy\" data-secret=\"LgOww0NdPy\" width=\"600\" height=\"338\" frameborder=\"0\" marginwidth=\"0\" marginheight=\"0\" scrolling=\"no\"><\/iframe>\n<\/div><\/figure>\n\n\n\n<p>TARGET CIRCLE Storgata 10 2000 Lillestr\u00f8m Norway Company ID No.: 913074319 Tax ID No.: NO913074319MVA<\/p>\n\n\n\n<figure class=\"wp-block-embed\"><div class=\"wp-block-embed__wrapper\">\nhttp:\/\/targetcircle.com\/legal#privacy_policy\n<\/div><\/figure>\n\n\n\n<p>Admitad GmbH, Lise-Meitner-Str. 8, 74074 Heilbronn, Germany<\/p>\n\n\n\n<figure class=\"wp-block-embed\"><div class=\"wp-block-embed__wrapper\">\nhttps:\/\/www.admitad.com\/en\/privacy\n<\/div><\/figure>\n\n\n\n<h2 class=\"wp-block-heading\"><br><strong>Right to Information and Other Rights of Website Users<\/strong><\/h2>\n\n\n\n<p>As the Finatino.com website visitor, besides the information on the principles of personal data processing included herein, you also have the right to be informed of which data is stored about you, including the right to rectification or the restriction of processing of such data. You may also withdraw your consent with personal data processing at any time, request the erasure of already stored personal data, or you may file a complaint with the supervisory body, the Office for Personal Data Protection, with its seat in Prague.<\/p>\n\n\n\n<p>Should you have any other enquiries, do not hesitate to contact us.<\/p>\n\n\n\n<p>Email: info@finatino.com<\/p>\n\n\n\n<p>Double technology s.r.o., Jaurisova 515\/4, Praha 4, 140 00<br>Company ID No.: 08695717<br>Tax ID No.: CZ08695717<\/p>\n\n\n\n<p>Upon request, we will send you a letter with information concerning the fact whether any data is held about you by Double technology s.r.o. and if so, the details of such data. You may prohibit us at any time in writing from performing any further processing of your personal data without providing a reason for such prohibition.<\/p>\n\n","protected":false},"excerpt":{"rendered":"","protected":false},"author":1,"featured_media":0,"parent":0,"menu_order":0,"comment_status":"closed","ping_status":"closed","template":"","meta":{"footnotes":""},"yoast_head":"<!-- This site is optimized with the Yoast SEO plugin v22.9 - https:\/\/yoast.com\/wordpress\/plugins\/seo\/ -->\n<title>Cookies - Finatino<\/title>\n<meta name=\"robots\" content=\"index, follow, max-snippet:-1, max-image-preview:large, max-video-preview:-1\" \/>\n<link rel=\"canonical\" href=\"https:\/\/finatino.com\/za\/cookies\/\" \/>\n<meta property=\"og:locale\" content=\"en_US\" \/>\n<meta property=\"og:type\" content=\"article\" \/>\n<meta property=\"og:title\" content=\"Cookies - Finatino\" \/>\n<meta property=\"og:url\" content=\"https:\/\/finatino.com\/za\/cookies\/\" \/>\n<meta property=\"og:site_name\" content=\"Finatino\" \/>\n<meta property=\"article:modified_time\" content=\"2021-02-03T19:35:53+00:00\" \/>\n<meta name=\"twitter:card\" content=\"summary_large_image\" \/>\n<meta name=\"twitter:label1\" content=\"Est. reading time\" \/>\n\t<meta name=\"twitter:data1\" content=\"5 minutes\" \/>\n<script type=\"application\/ld+json\" class=\"yoast-schema-graph\">{\"@context\":\"https:\/\/schema.org\",\"@graph\":[{\"@type\":\"WebPage\",\"@id\":\"https:\/\/finatino.com\/za\/cookies\/\",\"url\":\"https:\/\/finatino.com\/za\/cookies\/\",\"name\":\"Cookies - Finatino\",\"isPartOf\":{\"@id\":\"https:\/\/finatino.com\/za\/#website\"},\"datePublished\":\"2021-02-03T19:35:52+00:00\",\"dateModified\":\"2021-02-03T19:35:53+00:00\",\"breadcrumb\":{\"@id\":\"https:\/\/finatino.com\/za\/cookies\/#breadcrumb\"},\"inLanguage\":\"en-ZA\",\"potentialAction\":[{\"@type\":\"ReadAction\",\"target\":[\"https:\/\/finatino.com\/za\/cookies\/\"]}]},{\"@type\":\"BreadcrumbList\",\"@id\":\"https:\/\/finatino.com\/za\/cookies\/#breadcrumb\",\"itemListElement\":[{\"@type\":\"ListItem\",\"position\":1,\"name\":\"Home\",\"item\":\"https:\/\/finatino.com\/za\/\"},{\"@type\":\"ListItem\",\"position\":2,\"name\":\"Cookies\"}]},{\"@type\":\"WebSite\",\"@id\":\"https:\/\/finatino.com\/za\/#website\",\"url\":\"https:\/\/finatino.com\/za\/\",\"name\":\"Finatino\",\"description\":\"South Africa\",\"potentialAction\":[{\"@type\":\"SearchAction\",\"target\":{\"@type\":\"EntryPoint\",\"urlTemplate\":\"https:\/\/finatino.com\/za\/?s={search_term_string}\"},\"query-input\":\"required name=search_term_string\"}],\"inLanguage\":\"en-ZA\"}]}<\/script>\n<!-- \/ Yoast SEO plugin. -->","yoast_head_json":{"title":"Cookies - Finatino","robots":{"index":"index","follow":"follow","max-snippet":"max-snippet:-1","max-image-preview":"max-image-preview:large","max-video-preview":"max-video-preview:-1"},"canonical":"https:\/\/finatino.com\/za\/cookies\/","og_locale":"en_US","og_type":"article","og_title":"Cookies - Finatino","og_url":"https:\/\/finatino.com\/za\/cookies\/","og_site_name":"Finatino","article_modified_time":"2021-02-03T19:35:53+00:00","twitter_card":"summary_large_image","twitter_misc":{"Est. reading time":"5 minutes"},"schema":{"@context":"https:\/\/schema.org","@graph":[{"@type":"WebPage","@id":"https:\/\/finatino.com\/za\/cookies\/","url":"https:\/\/finatino.com\/za\/cookies\/","name":"Cookies - Finatino","isPartOf":{"@id":"https:\/\/finatino.com\/za\/#website"},"datePublished":"2021-02-03T19:35:52+00:00","dateModified":"2021-02-03T19:35:53+00:00","breadcrumb":{"@id":"https:\/\/finatino.com\/za\/cookies\/#breadcrumb"},"inLanguage":"en-ZA","potentialAction":[{"@type":"ReadAction","target":["https:\/\/finatino.com\/za\/cookies\/"]}]},{"@type":"BreadcrumbList","@id":"https:\/\/finatino.com\/za\/cookies\/#breadcrumb","itemListElement":[{"@type":"ListItem","position":1,"name":"Home","item":"https:\/\/finatino.com\/za\/"},{"@type":"ListItem","position":2,"name":"Cookies"}]},{"@type":"WebSite","@id":"https:\/\/finatino.com\/za\/#website","url":"https:\/\/finatino.com\/za\/","name":"Finatino","description":"South Africa","potentialAction":[{"@type":"SearchAction","target":{"@type":"EntryPoint","urlTemplate":"https:\/\/finatino.com\/za\/?s={search_term_string}"},"query-input":"required name=search_term_string"}],"inLanguage":"en-ZA"}]}},"_links":{"self":[{"href":"https:\/\/finatino.com\/za\/wp-json\/wp\/v2\/pages\/18720"}],"collection":[{"href":"https:\/\/finatino.com\/za\/wp-json\/wp\/v2\/pages"}],"about":[{"href":"https:\/\/finatino.com\/za\/wp-json\/wp\/v2\/types\/page"}],"author":[{"embeddable":true,"href":"https:\/\/finatino.com\/za\/wp-json\/wp\/v2\/users\/1"}],"replies":[{"embeddable":true,"href":"https:\/\/finatino.com\/za\/wp-json\/wp\/v2\/comments?post=18720"}],"version-history":[{"count":1,"href":"https:\/\/finatino.com\/za\/wp-json\/wp\/v2\/pages\/18720\/revisions"}],"predecessor-version":[{"id":18721,"href":"https:\/\/finatino.com\/za\/wp-json\/wp\/v2\/pages\/18720\/revisions\/18721"}],"wp:attachment":[{"href":"https:\/\/finatino.com\/za\/wp-json\/wp\/v2\/media?parent=18720"}],"curies":[{"name":"wp","href":"https:\/\/api.w.org\/{rel}","templated":true}]}}